{"id":13,"date":"2025-04-10T21:30:29","date_gmt":"2025-04-10T21:30:29","guid":{"rendered":"https:\/\/eloquent-sammet.74-208-34-254.plesk.page\/?page_id=13"},"modified":"2025-04-10T21:41:02","modified_gmt":"2025-04-10T21:41:02","slug":"devoluciones","status":"publish","type":"page","link":"https:\/\/babiloniatrc.com\/index.php\/devoluciones\/","title":{"rendered":"Politica de devoluciones"},"content":{"rendered":"\t\t<div data-elementor-type=\"wp-page\" data-elementor-id=\"13\" class=\"elementor elementor-13\" data-elementor-post-type=\"page\">\n\t\t\t\t<div class=\"elementor-element elementor-element-29419ee1 e-flex e-con-boxed e-con e-parent\" data-id=\"29419ee1\" data-element_type=\"container\">\n\t\t\t\t\t<div class=\"e-con-inner\">\n\t\t\t\t<div class=\"elementor-element elementor-element-31df4780 elementor-widget elementor-widget-text-editor\" data-id=\"31df4780\" data-element_type=\"widget\" data-widget_type=\"text-editor.default\">\n\t\t\t\t<div class=\"elementor-widget-container\">\n\t\t\t\t\t\t\t\t\t<pre id=\"tw-target-text\" class=\"tw-data-text tw-text-large tw-ta\" dir=\"ltr\" data-placeholder=\"Traducci\u00f3n\" data-ved=\"2ahUKEwj97dbCtM6MAxU7OUQIHZn7CaUQ3ewLegQICBAV\" aria-label=\"Texto traducido: Esta es una p\u00e1gina de muestra. Resumen Nuestra pol\u00edtica de reembolsos y devoluciones tiene una duraci\u00f3n de 30 d\u00edas. Si han transcurrido 30 d\u00edas desde su compra, no podemos ofrecerle un reembolso completo ni un cambio. Para poder devolver su art\u00edculo, este debe estar sin usar y en las mismas condiciones en que lo recibi\u00f3. Tambi\u00e9n debe estar en su embalaje original. Varios tipos de productos est\u00e1n exentos de devoluci\u00f3n. Los productos perecederos como alimentos, flores, peri\u00f3dicos o revistas no se pueden devolver. Tampoco aceptamos productos de higiene \u00edntima, materiales peligrosos ni l\u00edquidos o gases inflamables. Otros art\u00edculos no retornables: Tarjetas de regalo Productos de software descargables Algunos art\u00edculos de salud y cuidado personal Para completar su devoluci\u00f3n, necesitamos un recibo o comprobante de compra. No devuelva su compra al fabricante. Existen ciertas situaciones en las que solo se otorgan reembolsos parciales: Reembolsos No hay reembolsos si revisa bien su producto. Antes de solicitarlo\"><span class=\"Y2IQFc\" lang=\"es\">\n\nNo tenemos reembolsos\u00a0 o devoluciones,\u00a0 por favor revisa tu producto antes de comprarlo.<br \/><\/span><\/pre>\n<p><!-- \/wp:paragraph --><\/p>\t\t\t\t\t\t\t\t<\/div>\n\t\t\t\t<\/div>\n\t\t\t\t\t<\/div>\n\t\t\t\t<\/div>\n\t\t\t\t<\/div>\n\t\t","protected":false},"excerpt":{"rendered":"<p>No tenemos reembolsos\u00a0 o devoluciones,\u00a0 por favor revisa tu producto antes de comprarlo.<\/p>\n","protected":false},"author":1,"featured_media":0,"parent":0,"menu_order":0,"comment_status":"closed","ping_status":"closed","template":"","meta":{"footnotes":""},"class_list":{"0":"post-13","1":"page","2":"type-page","3":"status-publish","4":"hentry","5":"nt-post-class","6":"","7":"thumb-none","9":"excerpt-none"},"_links":{"self":[{"href":"https:\/\/babiloniatrc.com\/index.php\/wp-json\/wp\/v2\/pages\/13","targetHints":{"allow":["GET"]}}],"collection":[{"href":"https:\/\/babiloniatrc.com\/index.php\/wp-json\/wp\/v2\/pages"}],"about":[{"href":"https:\/\/babiloniatrc.com\/index.php\/wp-json\/wp\/v2\/types\/page"}],"author":[{"embeddable":true,"href":"https:\/\/babiloniatrc.com\/index.php\/wp-json\/wp\/v2\/users\/1"}],"replies":[{"embeddable":true,"href":"https:\/\/babiloniatrc.com\/index.php\/wp-json\/wp\/v2\/comments?post=13"}],"version-history":[{"count":15,"href":"https:\/\/babiloniatrc.com\/index.php\/wp-json\/wp\/v2\/pages\/13\/revisions"}],"predecessor-version":[{"id":7190,"href":"https:\/\/babiloniatrc.com\/index.php\/wp-json\/wp\/v2\/pages\/13\/revisions\/7190"}],"wp:attachment":[{"href":"https:\/\/babiloniatrc.com\/index.php\/wp-json\/wp\/v2\/media?parent=13"}],"curies":[{"name":"wp","href":"https:\/\/api.w.org\/{rel}","templated":true}]}}