{"id":3,"date":"2024-08-02T21:23:59","date_gmt":"2024-08-02T21:23:59","guid":{"rendered":"https:\/\/eloquent-sammet.74-208-34-254.plesk.page\/?page_id=3"},"modified":"2025-04-10T21:38:47","modified_gmt":"2025-04-10T21:38:47","slug":"politica-privacidad","status":"publish","type":"page","link":"https:\/\/babiloniatrc.com\/index.php\/politica-privacidad\/","title":{"rendered":"Politica de privacidad"},"content":{"rendered":"\r\n<p data-sourcepos=\"3:1-3:46\"><strong>Pol\u00edtica de privacidad de babiloniatrc.com<\/strong><\/p>\r\n<p data-sourcepos=\"5:1-5:232\">En babiloniatrc.com, <span class=\"citation-0 citation-end-0\">nos comprometemos a proteger tu privacidad y seguridad en l\u00ednea. Esta pol\u00edtica de privacidad explica c\u00f3mo recopilamos, utilizamos<\/span> y compartimos tus datos personales cuando visitas nuestro sitio web.<span class=\"button-container hide-from-message-actions ng-star-inserted\">\u00a0 \u00a0<\/span><\/p>\r\n<div class=\"container ng-tns-c2929328941-22 hide\">\r\n<div class=\"carousel-container ng-tns-c2929328941-22\">\r\n<div class=\"carousel-content ng-tns-c2929328941-22\">\r\n<div class=\"sources-carousel-source ng-tns-c2929328941-22 hide ng-star-inserted\" data-test-id=\"sources-carousel-source\">\u00a0<\/div>\r\n<\/div>\r\n<\/div>\r\n<\/div>\r\n<p data-sourcepos=\"7:1-7:33\"><strong>\u00bfQu\u00e9 informaci\u00f3n recopilamos?<\/strong><\/p>\r\n<p data-sourcepos=\"9:1-9:85\">Podemos recopilar la siguiente informaci\u00f3n personal cuando visitas nuestro sitio web:<\/p>\r\n<ul data-sourcepos=\"11:1-16:0\">\r\n<li data-sourcepos=\"11:1-11:8\">Nombre<\/li>\r\n<li data-sourcepos=\"12:1-12:20\">Correo electr\u00f3nico<\/li>\r\n<li data-sourcepos=\"13:1-13:14\">Direcci\u00f3n IP<\/li>\r\n<li data-sourcepos=\"14:1-14:46\">Informaci\u00f3n sobre tu dispositivo y navegador<\/li>\r\n<li data-sourcepos=\"15:1-16:0\">Informaci\u00f3n sobre c\u00f3mo interact\u00faas con nuestro sitio web, como las p\u00e1ginas que visitas y los enlaces que haces clic<\/li>\r\n<\/ul>\r\n<p data-sourcepos=\"17:1-17:36\"><strong>\u00bfC\u00f3mo utilizamos tu informaci\u00f3n?<\/strong><\/p>\r\n<p data-sourcepos=\"19:1-19:52\">Utilizamos tu informaci\u00f3n para los siguientes fines:<\/p>\r\n<ul data-sourcepos=\"21:1-25:0\">\r\n<li data-sourcepos=\"21:1-21:128\">Para proporcionarte los servicios que solicitas, como suscribirte a nuestro bolet\u00edn informativo o descargar nuestros recursos.<\/li>\r\n<li data-sourcepos=\"22:1-22:54\">Para mejorar nuestro sitio web y nuestros servicios.<\/li>\r\n<li data-sourcepos=\"23:1-23:88\">Para enviarte correos electr\u00f3nicos promocionales sobre nuestros productos y servicios.<\/li>\r\n<li data-sourcepos=\"24:1-25:0\">Para realizar an\u00e1lisis estad\u00edsticos sobre el uso de nuestro sitio web.<\/li>\r\n<\/ul>\r\n<p data-sourcepos=\"26:1-26:37\"><strong>\u00bfC\u00f3mo compartimos tu informaci\u00f3n?<\/strong><\/p>\r\n<p data-sourcepos=\"28:1-28:91\"><span class=\"citation-1\">No compartimos tu informaci\u00f3n personal con terceros, excepto en los siguientes casos:<\/span><\/p>\r\n<ul data-sourcepos=\"30:1-32:0\">\r\n<li data-sourcepos=\"30:1-30:125\"><span class=\"citation-1 citation-end-1\">Con proveedores de servicios que nos<\/span> ayudan a prestar nuestros servicios, como alojamiento web y correo electr\u00f3nico.<span class=\"button-container hide-from-message-actions ng-star-inserted\"> \u00a0 <button class=\"mat-mdc-tooltip-trigger button image-fade-on hide-from-message-actions\" aria-label=\"M\u00e1s informaci\u00f3n\" aria-controls=\"sources\" aria-expanded=\"false\"><\/button><\/span>\r\n<div class=\"container ng-tns-c2929328941-23 hide\">\r\n<div class=\"carousel-container ng-tns-c2929328941-23\">\r\n<div class=\"carousel-content ng-tns-c2929328941-23\">\r\n<div class=\"sources-carousel-source ng-tns-c2929328941-23 hide ng-star-inserted\" data-test-id=\"sources-carousel-source\">\u00a0<\/div>\r\n<\/div>\r\n<\/div>\r\n<\/div>\r\n<\/li>\r\n<li data-sourcepos=\"31:1-32:0\">Si estamos obligados por la ley a divulgar tu informaci\u00f3n.<\/li>\r\n<\/ul>\r\n<p data-sourcepos=\"33:1-33:22\"><strong><span class=\"citation-2\">Tus derechos<\/span><\/strong><\/p>\r\n<p data-sourcepos=\"35:1-35:149\"><span class=\"citation-2 citation-end-2\">Tienes derecho a acceder, corregir o eliminar tu informaci\u00f3n personal. Tambi\u00e9n puedes optar por no recibir<\/span> correos electr\u00f3nicos promocionales.<span class=\"button-container hide-from-message-actions ng-star-inserted\"> \u00a0 <button class=\"mat-mdc-tooltip-trigger button image-fade-on hide-from-message-actions\" aria-label=\"M\u00e1s informaci\u00f3n\" aria-controls=\"sources\" aria-expanded=\"false\"><\/button><\/span><\/p>\r\n<div class=\"container ng-tns-c2929328941-24 hide\">\r\n<div class=\"carousel-container ng-tns-c2929328941-24\">\r\n<div class=\"carousel-content ng-tns-c2929328941-24\">\r\n<div class=\"sources-carousel-source ng-tns-c2929328941-24 hide ng-star-inserted\" data-test-id=\"sources-carousel-source\">\u00a0<\/div>\r\n<\/div>\r\n<\/div>\r\n<\/div>\r\n<p data-sourcepos=\"37:1-37:13\"><strong>Seguridad<\/strong><\/p>\r\n<p data-sourcepos=\"39:1-39:230\">Tomamos medidas razonables para proteger tu <span class=\"citation-3 citation-end-3\">informaci\u00f3n personal de acceso no autorizado, divulgaci\u00f3n o alteraci\u00f3n. Sin embargo, no podemos garantizar la seguridad absoluta de<\/span> ninguna informaci\u00f3n transmitida en l\u00ednea.<span class=\"button-container hide-from-message-actions ng-star-inserted\">\u00a0 \u00a0<\/span><\/p>\r\n<div class=\"container ng-tns-c2929328941-25 hide\">\r\n<div class=\"carousel-container ng-tns-c2929328941-25\">\r\n<div class=\"carousel-content ng-tns-c2929328941-25\">\r\n<div class=\"sources-carousel-source ng-tns-c2929328941-25 hide ng-star-inserted\" data-test-id=\"sources-carousel-source\">\u00a0<\/div>\r\n<\/div>\r\n<\/div>\r\n<\/div>\r\n<p data-sourcepos=\"41:1-41:34\"><strong><span class=\"citation-4\">Cambios en esta pol\u00edtica<\/span><\/strong><\/p>\r\n<p data-sourcepos=\"43:1-43:137\"><span class=\"citation-4 citation-end-4\">Podemos actualizar esta pol\u00edtica de privacidad de vez en cuando. Te notificaremos de cualquier cambio<\/span> importante en esta pol\u00edtica.<span class=\"button-container hide-from-message-actions ng-star-inserted\"> \u00a0 <button class=\"mat-mdc-tooltip-trigger button image-fade-on hide-from-message-actions\" aria-label=\"M\u00e1s informaci\u00f3n\" aria-controls=\"sources\" aria-expanded=\"false\"><\/button><\/span><\/p>\r\n<div class=\"container ng-tns-c2929328941-26 hide\">\r\n<div class=\"carousel-container ng-tns-c2929328941-26\">\r\n<div class=\"carousel-content ng-tns-c2929328941-26\">\r\n<div class=\"sources-carousel-source ng-tns-c2929328941-26 hide ng-star-inserted\" data-test-id=\"sources-carousel-source\">\u00a0<\/div>\r\n<\/div>\r\n<\/div>\r\n<\/div>\r\n<p data-sourcepos=\"45:1-45:15\"><strong>Cont\u00e1ctanos<\/strong><\/p>\r\n<p data-sourcepos=\"47:1-47:121\">Si tienes alguna pregunta sobre esta pol\u00edtica de privacidad, puedes ponerte en contacto con nosotros en [email protected]<\/p>\r\n<p data-sourcepos=\"49:1-49:38\"><strong>Fecha de entrada en vigor:<\/strong> 1\/1\/2025<\/p>\r\n<p data-sourcepos=\"51:1-51:33\"><strong>\u00daltima actualizaci\u00f3n:<\/strong> 10\/04\/2025<\/p>\r\n\r\n<p>&nbsp;<\/p>","protected":false},"excerpt":{"rendered":"<p>Pol\u00edtica de privacidad de babiloniatrc.com En babiloniatrc.com, nos comprometemos a proteger tu privacidad y seguridad en l\u00ednea. Esta pol\u00edtica de privacidad explica c\u00f3mo recopilamos, utilizamos y compartimos tus datos personales cuando visitas nuestro sitio web.\u00a0 \u00a0 \u00a0 \u00bfQu\u00e9 informaci\u00f3n recopilamos? Podemos recopilar la siguiente informaci\u00f3n personal cuando visitas nuestro sitio web: Nombre Correo electr\u00f3nico Direcci\u00f3n&#8230;<\/p>\n","protected":false},"author":1,"featured_media":0,"parent":0,"menu_order":0,"comment_status":"closed","ping_status":"open","template":"","meta":{"footnotes":""},"class_list":{"0":"post-3","1":"page","2":"type-page","3":"status-publish","4":"hentry","5":"nt-post-class","6":"","7":"thumb-none","9":"excerpt-none"},"_links":{"self":[{"href":"https:\/\/babiloniatrc.com\/index.php\/wp-json\/wp\/v2\/pages\/3","targetHints":{"allow":["GET"]}}],"collection":[{"href":"https:\/\/babiloniatrc.com\/index.php\/wp-json\/wp\/v2\/pages"}],"about":[{"href":"https:\/\/babiloniatrc.com\/index.php\/wp-json\/wp\/v2\/types\/page"}],"author":[{"embeddable":true,"href":"https:\/\/babiloniatrc.com\/index.php\/wp-json\/wp\/v2\/users\/1"}],"replies":[{"embeddable":true,"href":"https:\/\/babiloniatrc.com\/index.php\/wp-json\/wp\/v2\/comments?post=3"}],"version-history":[{"count":3,"href":"https:\/\/babiloniatrc.com\/index.php\/wp-json\/wp\/v2\/pages\/3\/revisions"}],"predecessor-version":[{"id":7193,"href":"https:\/\/babiloniatrc.com\/index.php\/wp-json\/wp\/v2\/pages\/3\/revisions\/7193"}],"wp:attachment":[{"href":"https:\/\/babiloniatrc.com\/index.php\/wp-json\/wp\/v2\/media?parent=3"}],"curies":[{"name":"wp","href":"https:\/\/api.w.org\/{rel}","templated":true}]}}